{"id":162,"date":"2025-01-31T17:09:18","date_gmt":"2025-01-31T17:09:18","guid":{"rendered":"https:\/\/www.hodinovymanzelpepik.cz\/?page_id=162"},"modified":"2025-02-03T16:39:31","modified_gmt":"2025-02-03T16:39:31","slug":"uvod-2","status":"publish","type":"page","link":"https:\/\/www.hodinovymanzelpepik.cz\/?page_id=162","title":{"rendered":"\u00daVOD"},"content":{"rendered":"\n<p class=\"has-medium-font-size\"><strong>Nab\u00edz\u00edm standardn\u00ed \u0159emesln\u00e9 pr\u00e1ce, poradenstv\u00ed a mnoho dal\u0161\u00edho jak v interi\u00e9ru, tak v exteri\u00e9ru.<\/strong><\/p>\n\n\n\n<p class=\"has-medium-font-size\"><strong>Jsem v\u0161estrann\u011b zam\u011b\u0159en\u00fd \u0159emesln\u00edk , kter\u00fd si b\u011bhem jedn\u00e9 n\u00e1v\u0161t\u011bvy porad\u00ed s v\u011bt\u0161inou pot\u0159ebn\u00fdch \u0159emesel, pop\u0159\u00edpad\u011b za\u0159\u00edd\u00edm jejich proveden\u00ed spolupracuj\u00edc\u00edmi kolegy.<\/strong><\/p>\n\n\n\n<p class=\"has-medium-font-size\"><strong>Prov\u00e1d\u00edm tak\u00e9 lehk\u00e9 rekonstrukce, p\u0159\u00edpravn\u00e9 i dokon\u010dovac\u00ed pr\u00e1ce, v\u010detn\u011b oprav, \u00faklidu a prac\u00ed v dom\u00e1cnosti, kancel\u00e1\u0159i i na zahrad\u011b.<\/strong><\/p>\n\n\n\n<p class=\"has-medium-font-size\"><strong>Porad\u00edm si i s pracemi , kter\u00e9 nejsou p\u0159\u00edli\u0161 zaj\u00edmav\u00e9 pro v\u011bt\u0161\u00ed, nebo specializovan\u00e9 firmy.<\/strong><\/p>\n\n\n\n<p class=\"has-medium-font-size\"><strong>Mohu pracovat s V\u00e1mi i s Va\u0161\u00edm materi\u00e1lem , nebo materi\u00e1l v\u00fdhodn\u011b zajist\u00edm i doprav\u00edm.  <\/strong><\/p>\n\n\n\n<h2 class=\"wp-block-heading has-x-large-font-size\">Kdy\u017e na to nechcete b\u00fdt sami, jsme tu j\u00e1<\/h2>\n\n\n\n<p><strong>Dejte mi o sob\u011b v\u011bd\u011bt.<\/strong><\/p>\n\n\n\n<p><\/p>\n\n\n\n<figure class=\"wp-block-gallery has-nested-images columns-default is-cropped wp-block-gallery-1 is-layout-flex wp-block-gallery-is-layout-flex\">\n<figure class=\"wp-block-image size-large\"><img fetchpriority=\"high\" decoding=\"async\" width=\"1024\" height=\"322\" data-id=\"340\" src=\"https:\/\/www.hodinovymanzelpepik.cz\/wp-content\/uploads\/2025\/02\/Snimek-obrazovky-2025-02-02-v-11.12.56-1-1024x322.png\" alt=\"\" class=\"wp-image-340\" srcset=\"https:\/\/www.hodinovymanzelpepik.cz\/wp-content\/uploads\/2025\/02\/Snimek-obrazovky-2025-02-02-v-11.12.56-1-1024x322.png 1024w, https:\/\/www.hodinovymanzelpepik.cz\/wp-content\/uploads\/2025\/02\/Snimek-obrazovky-2025-02-02-v-11.12.56-1-300x94.png 300w, https:\/\/www.hodinovymanzelpepik.cz\/wp-content\/uploads\/2025\/02\/Snimek-obrazovky-2025-02-02-v-11.12.56-1-768x242.png 768w, https:\/\/www.hodinovymanzelpepik.cz\/wp-content\/uploads\/2025\/02\/Snimek-obrazovky-2025-02-02-v-11.12.56-1.png 1226w\" sizes=\"(max-width: 1024px) 100vw, 1024px\" \/><\/figure>\n<\/figure>\n","protected":false},"excerpt":{"rendered":"<p>Nab\u00edz\u00edm standardn\u00ed \u0159emesln\u00e9 pr\u00e1ce, poradenstv\u00ed a mnoho dal\u0161\u00edho jak v interi\u00e9ru, tak v exteri\u00e9ru. Jsem v\u0161estrann\u011b zam\u011b\u0159en\u00fd \u0159emesln\u00edk , kter\u00fd si b\u011bhem jedn\u00e9 n\u00e1v\u0161t\u011bvy porad\u00ed [&hellip;]<\/p>\n","protected":false},"author":1,"featured_media":0,"parent":0,"menu_order":0,"comment_status":"closed","ping_status":"closed","template":"","meta":{"footnotes":""},"class_list":["post-162","page","type-page","status-publish","hentry"],"_links":{"self":[{"href":"https:\/\/www.hodinovymanzelpepik.cz\/index.php?rest_route=\/wp\/v2\/pages\/162","targetHints":{"allow":["GET"]}}],"collection":[{"href":"https:\/\/www.hodinovymanzelpepik.cz\/index.php?rest_route=\/wp\/v2\/pages"}],"about":[{"href":"https:\/\/www.hodinovymanzelpepik.cz\/index.php?rest_route=\/wp\/v2\/types\/page"}],"author":[{"embeddable":true,"href":"https:\/\/www.hodinovymanzelpepik.cz\/index.php?rest_route=\/wp\/v2\/users\/1"}],"replies":[{"embeddable":true,"href":"https:\/\/www.hodinovymanzelpepik.cz\/index.php?rest_route=%2Fwp%2Fv2%2Fcomments&post=162"}],"version-history":[{"count":11,"href":"https:\/\/www.hodinovymanzelpepik.cz\/index.php?rest_route=\/wp\/v2\/pages\/162\/revisions"}],"predecessor-version":[{"id":493,"href":"https:\/\/www.hodinovymanzelpepik.cz\/index.php?rest_route=\/wp\/v2\/pages\/162\/revisions\/493"}],"wp:attachment":[{"href":"https:\/\/www.hodinovymanzelpepik.cz\/index.php?rest_route=%2Fwp%2Fv2%2Fmedia&parent=162"}],"curies":[{"name":"wp","href":"https:\/\/api.w.org\/{rel}","templated":true}]}}