{"id":104,"date":"2025-01-31T15:56:22","date_gmt":"2025-01-31T15:56:22","guid":{"rendered":"https:\/\/www.hodinovymanzelpepik.cz\/?page_id=104"},"modified":"2025-02-01T19:39:58","modified_gmt":"2025-02-01T19:39:58","slug":"kontakt","status":"publish","type":"page","link":"https:\/\/www.hodinovymanzelpepik.cz\/?page_id=104","title":{"rendered":"KONTAKT"},"content":{"rendered":"\n<p class=\"has-large-font-size\"><strong>JAK SI M\u011a OB\u011aDNAT ?<\/strong><\/p>\n\n\n\n<p class=\"has-medium-font-size\"><strong>Zavolejte, pop\u0159\u00edpad\u011b napi\u0161te kdykoliv Po &#8211; Ne od 8 &#8211; 20 h.<\/strong><\/p>\n\n\n\n<p class=\"has-medium-font-size\"><strong>Sd\u011blte mi Va\u0161e po\u017eadavky, \u0159ekneme si d\u016fle\u017eit\u00e9 informace a domluv\u00edme se na term\u00ednu a \u010dase m\u00e9 n\u00e1v\u0161t\u011bvy. Za\u0161lete fotografie z m\u00edsta, pop\u0159\u00edpad\u011b video , abych se sezn\u00e1mil s probl\u00e9mem.<\/strong><\/p>\n\n\n\n<p class=\"has-medium-font-size\"><strong>\ud83d\udcde Mobil: +420 704 214 614<\/strong><\/p>\n\n\n\n<p class=\"has-medium-font-size\"><strong>\ud83d\udcf0 Email: hodinovymanzelpepik@seznam.cz<\/strong><\/p>\n\n\n\n<p class=\"has-medium-font-size\"><strong>\ud83d\udedc Web: www.hodinovymanzelpepik.cz<\/strong><\/p>\n\n\n\n<p class=\"has-black-color has-text-color has-link-color has-medium-font-size wp-elements-54cf631adec3075b6fb6e4b30f2da3e6\"><strong>\ud83d\uddde\ufe0f Inst: hodinovymanzelpepik_plzen<\/strong><\/p>\n\n\n\n<p class=\"has-medium-font-size\"><strong>\ud83d\udcf1 FB: Hodinov\u00fd man\u017eel Pep\u00edk Plze\u0148 a okol\u00ed<\/strong><\/p>\n","protected":false},"excerpt":{"rendered":"<p>JAK SI M\u011a OB\u011aDNAT ? Zavolejte, pop\u0159\u00edpad\u011b napi\u0161te kdykoliv Po &#8211; Ne od 8 &#8211; 20 h. Sd\u011blte mi Va\u0161e po\u017eadavky, \u0159ekneme si d\u016fle\u017eit\u00e9 informace [&hellip;]<\/p>\n","protected":false},"author":1,"featured_media":0,"parent":0,"menu_order":0,"comment_status":"closed","ping_status":"closed","template":"","meta":{"footnotes":""},"class_list":["post-104","page","type-page","status-publish","hentry"],"_links":{"self":[{"href":"https:\/\/www.hodinovymanzelpepik.cz\/index.php?rest_route=\/wp\/v2\/pages\/104","targetHints":{"allow":["GET"]}}],"collection":[{"href":"https:\/\/www.hodinovymanzelpepik.cz\/index.php?rest_route=\/wp\/v2\/pages"}],"about":[{"href":"https:\/\/www.hodinovymanzelpepik.cz\/index.php?rest_route=\/wp\/v2\/types\/page"}],"author":[{"embeddable":true,"href":"https:\/\/www.hodinovymanzelpepik.cz\/index.php?rest_route=\/wp\/v2\/users\/1"}],"replies":[{"embeddable":true,"href":"https:\/\/www.hodinovymanzelpepik.cz\/index.php?rest_route=%2Fwp%2Fv2%2Fcomments&post=104"}],"version-history":[{"count":6,"href":"https:\/\/www.hodinovymanzelpepik.cz\/index.php?rest_route=\/wp\/v2\/pages\/104\/revisions"}],"predecessor-version":[{"id":237,"href":"https:\/\/www.hodinovymanzelpepik.cz\/index.php?rest_route=\/wp\/v2\/pages\/104\/revisions\/237"}],"wp:attachment":[{"href":"https:\/\/www.hodinovymanzelpepik.cz\/index.php?rest_route=%2Fwp%2Fv2%2Fmedia&parent=104"}],"curies":[{"name":"wp","href":"https:\/\/api.w.org\/{rel}","templated":true}]}}