{"id":102,"date":"2025-01-31T15:56:22","date_gmt":"2025-01-31T15:56:22","guid":{"rendered":"https:\/\/www.hodinovymanzelpepik.cz\/?page_id=102"},"modified":"2025-02-20T08:16:14","modified_gmt":"2025-02-20T08:16:14","slug":"zasady","status":"publish","type":"page","link":"https:\/\/www.hodinovymanzelpepik.cz\/?page_id=102","title":{"rendered":"Z\u00c1SADY"},"content":{"rendered":"\n<p>    <strong>1.<\/strong> <strong>P\u0159ijedu v\u010das &#8230;&#8230;<\/strong><\/p>\n\n\n\n<p><strong>    2. P\u0159ezuji se &#8230;&#8230;<\/strong><\/p>\n\n\n\n<p><strong>    3. Sd\u011bl\u00edm p\u0159edb\u011b\u017enou cenu &#8230;&#8230;<\/strong><\/p>\n\n\n\n<p><strong>    4. N\u00e1\u0159ad\u00ed m\u00e1m vlastn\u00ed &#8230;&#8230;<\/strong><\/p>\n\n\n\n<p><strong>    5. Jsem vybaven materi\u00e1lem pro b\u011b\u017en\u00e9 opravy a mont\u00e1\u017ee &#8230;&#8230;<\/strong><\/p>\n\n\n\n<p><strong>    6. Ru\u010d\u00edm za svoji pr\u00e1ci &#8230;&#8230;<\/strong><\/p>\n\n\n\n<p><strong>    7. Uklid\u00edm po sob\u011b &#8230;&#8230;<\/strong><\/p>\n\n\n\n<p><strong>    8. Jsem spolehliv\u00fd a precizn\u00ed &#8230;&#8230;<\/strong><\/p>\n\n\n\n<p class=\"has-medium-font-size\"><strong>    9. Navrhnu \u0159e\u0161en\u00ed &#8230;&#8230;<\/strong><\/p>\n","protected":false},"excerpt":{"rendered":"<p>1. P\u0159ijedu v\u010das &#8230;&#8230; 2. P\u0159ezuji se &#8230;&#8230; 3. Sd\u011bl\u00edm p\u0159edb\u011b\u017enou cenu &#8230;&#8230; 4. N\u00e1\u0159ad\u00ed m\u00e1m vlastn\u00ed &#8230;&#8230; 5. Jsem vybaven materi\u00e1lem pro b\u011b\u017en\u00e9 opravy [&hellip;]<\/p>\n","protected":false},"author":1,"featured_media":0,"parent":0,"menu_order":0,"comment_status":"closed","ping_status":"closed","template":"","meta":{"footnotes":""},"class_list":["post-102","page","type-page","status-publish","hentry"],"_links":{"self":[{"href":"https:\/\/www.hodinovymanzelpepik.cz\/index.php?rest_route=\/wp\/v2\/pages\/102","targetHints":{"allow":["GET"]}}],"collection":[{"href":"https:\/\/www.hodinovymanzelpepik.cz\/index.php?rest_route=\/wp\/v2\/pages"}],"about":[{"href":"https:\/\/www.hodinovymanzelpepik.cz\/index.php?rest_route=\/wp\/v2\/types\/page"}],"author":[{"embeddable":true,"href":"https:\/\/www.hodinovymanzelpepik.cz\/index.php?rest_route=\/wp\/v2\/users\/1"}],"replies":[{"embeddable":true,"href":"https:\/\/www.hodinovymanzelpepik.cz\/index.php?rest_route=%2Fwp%2Fv2%2Fcomments&post=102"}],"version-history":[{"count":5,"href":"https:\/\/www.hodinovymanzelpepik.cz\/index.php?rest_route=\/wp\/v2\/pages\/102\/revisions"}],"predecessor-version":[{"id":647,"href":"https:\/\/www.hodinovymanzelpepik.cz\/index.php?rest_route=\/wp\/v2\/pages\/102\/revisions\/647"}],"wp:attachment":[{"href":"https:\/\/www.hodinovymanzelpepik.cz\/index.php?rest_route=%2Fwp%2Fv2%2Fmedia&parent=102"}],"curies":[{"name":"wp","href":"https:\/\/api.w.org\/{rel}","templated":true}]}}